{"id":23973,"date":"2022-09-21T18:30:20","date_gmt":"2022-09-21T15:30:20","guid":{"rendered":"https:\/\/manoteises.lt\/atminimo-akmenys\/?page_id=23973"},"modified":"2022-09-22T17:41:41","modified_gmt":"2022-09-22T14:41:41","slug":"bencionas-benas-sakovas-libe-gene-sakoviene-kacaite","status":"publish","type":"page","link":"https:\/\/manoteises.lt\/atminimo-akmenys\/prienai\/bencionas-benas-sakovas-libe-gene-sakoviene-kacaite\/","title":{"rendered":"Bencionas Benas \u0160akovas, Lib\u0117 Gen\u0117 \u0160akovien\u0117-Kacait\u0117"},"content":{"rendered":"<p>Atminimo akmenys Bencionui Benui \u0160akovui ir Libei Genei \u0160akovienei-Kacaitei \u012frengti Vytauto g. 11, Prienuose (Prien\u0173 autobus\u0173 stoties teritorija).<\/p>\n<p>Tarpukariu Prien\u0173 miesto ekonominiam ir kult\u016briniam gyvenim\u0105 didel\u0119 \u012ftak\u0105 dar\u0117 Lazerio Goldbergo degtin\u0117s gamykla, kuri\u0105 1920 m. nusipirko Bencionas Benas \u0160akovas. Bravore dirbo apie 80 \u017emoni\u0173, tad B. B. \u0160akovas buvo pats did\u017eiausias darbdavys mieste.<\/p>\n<p>Gamykla gamino geros kokyb\u0117s, pla\u010diai \u017einom\u0105 al\u0173. 1930 metais \u017eem\u0117s \u016bkio ir pramon\u0117s parodoje \u201eGoldberg\u201c produkcija buvo apdovanota aukso medaliu. Prieni\u0161kiai aludariai veik\u0117 ir per Lietuvos diplomatines atstovybes: Va\u0161ingtone, Londone, Berlyne, Pary\u017eiuje, Romoje ir Maskvoje.<\/p>\n<p>\u017dmoni\u0173 prisiminimuose B. B. \u0160akovas i\u0161lik\u0119s kaip doras ir s\u0105\u017einingas \u017emogus, kuris mecenavo Prien\u0173 \u0161auli\u0173 nam\u0173 statyb\u0105, taip pat buvo apdovanotas Did\u017eiojo Lietuvos Kunigaik\u0161\u010dio Gedimino 3-ojo laipsnio ordinu.<\/p>\n<p>\u0160eima tur\u0117jo du vaikus: Dukra Miriam ir s\u016bnus Isakas mok\u0117si Prien\u0173 \u201e\u017diburio\u201c gimnazijoje. Buvo nei\u0161puik\u0119 ir draugi\u0161ki. Isako likimas ne\u017einomas. Meriam i\u0161gyveno Holokaust\u0105. 1949 m. Austrijoje baig\u0117 medicinos mokslus, v\u0117liau gyveno Jungtin\u0117se Amerikos Valstijose.<\/p>\n<p>B. \u0160akovas su \u017emona Libe Gene \u0160akoviene-Kacaite buvo nu\u017eudyti 1941 m. rugpj\u016bt\u012f kartu su kitais Prien\u0173 \u017eydais.<\/p>\n<p>1944 m. vokie\u010di\u0173 aviacijos antskryd\u017eio metu buvo susprogdintas beveik visas alaus bravoro pastat\u0173 kompleksas. V\u0117liau, buvusioje bravoro teritorijoje buvo \u012fkurta Prien\u0173 autobus\u0173 stotis.<\/p>\n<p>B. B. \u0160akovo ir L. G. \u0160akovien\u0117s-Kacait\u0117s atminimas \u012fma\u017eintas Joalitos Jurkevi\u010dien\u0117s, Jolitos Sta\u010diokait\u0117s, Janinos Leonavi\u010dien\u0117s- Paplauskait\u0117s ir Prien\u0173 rajono savivaldyb\u0117s iniciatyva.<\/p>\n","protected":false},"excerpt":{"rendered":"<p>Atminimo akmenys Bencionui Benui \u0160akovui ir Libei Genei \u0160akovienei-Kacaitei \u012frengti Vytauto g. 11, Prienuose (Prien\u0173 autobus\u0173 stoties teritorija). Tarpukariu Prien\u0173 miesto ekonominiam ir kult\u016briniam gyvenim\u0105 didel\u0119 \u012ftak\u0105 dar\u0117 Lazerio Goldbergo degtin\u0117s gamykla, kuri\u0105 1920 m. nusipirko Bencionas Benas \u0160akovas. Bravore dirbo apie 80 \u017emoni\u0173, tad B. B. \u0160akovas buvo pats did\u017eiausias darbdavys mieste. Gamykla gamino<\/p>\n","protected":false},"author":15,"featured_media":0,"parent":23967,"menu_order":0,"comment_status":"closed","ping_status":"closed","template":"page-akmenys-vidinis.php","meta":{"_acf_changed":false,"footnotes":""},"class_list":["post-23973","page","type-page","status-publish","hentry"],"acf":[],"yoast_head":"<!-- This site is optimized with the Yoast SEO plugin v26.9 - https:\/\/yoast.com\/product\/yoast-seo-wordpress\/ -->\n<title>Bencionas Benas \u0160akovas, Lib\u0117 Gen\u0117 \u0160akovien\u0117-Kacait\u0117 &#8211; Atminimo akmenys<\/title>\n<meta name=\"robots\" content=\"index, follow, max-snippet:-1, max-image-preview:large, max-video-preview:-1\" \/>\n<link rel=\"canonical\" href=\"https:\/\/manoteises.lt\/atminimo-akmenys\/prienai\/bencionas-benas-sakovas-libe-gene-sakoviene-kacaite\/\" \/>\n<meta name=\"twitter:label1\" content=\"Est. reading time\" \/>\n\t<meta name=\"twitter:data1\" content=\"1 minute\" \/>\n<script type=\"application\/ld+json\" class=\"yoast-schema-graph\">{\"@context\":\"https:\/\/schema.org\",\"@graph\":[{\"@type\":\"WebPage\",\"@id\":\"https:\/\/manoteises.lt\/atminimo-akmenys\/prienai\/bencionas-benas-sakovas-libe-gene-sakoviene-kacaite\/\",\"url\":\"https:\/\/manoteises.lt\/atminimo-akmenys\/prienai\/bencionas-benas-sakovas-libe-gene-sakoviene-kacaite\/\",\"name\":\"Bencionas Benas \u0160akovas, Lib\u0117 Gen\u0117 \u0160akovien\u0117-Kacait\u0117 &#8211; Atminimo akmenys\",\"isPartOf\":{\"@id\":\"https:\/\/manoteises.lt\/atminimo-akmenys\/#website\"},\"datePublished\":\"2022-09-21T15:30:20+00:00\",\"dateModified\":\"2022-09-22T14:41:41+00:00\",\"breadcrumb\":{\"@id\":\"https:\/\/manoteises.lt\/atminimo-akmenys\/prienai\/bencionas-benas-sakovas-libe-gene-sakoviene-kacaite\/#breadcrumb\"},\"inLanguage\":\"en-US\",\"potentialAction\":[{\"@type\":\"ReadAction\",\"target\":[\"https:\/\/manoteises.lt\/atminimo-akmenys\/prienai\/bencionas-benas-sakovas-libe-gene-sakoviene-kacaite\/\"]}]},{\"@type\":\"BreadcrumbList\",\"@id\":\"https:\/\/manoteises.lt\/atminimo-akmenys\/prienai\/bencionas-benas-sakovas-libe-gene-sakoviene-kacaite\/#breadcrumb\",\"itemListElement\":[{\"@type\":\"ListItem\",\"position\":1,\"name\":\"Home\",\"item\":\"https:\/\/manoteises.lt\/atminimo-akmenys\/\"},{\"@type\":\"ListItem\",\"position\":2,\"name\":\"Prienai\",\"item\":\"https:\/\/manoteises.lt\/atminimo-akmenys\/prienai\/\"},{\"@type\":\"ListItem\",\"position\":3,\"name\":\"Bencionas Benas \u0160akovas, Lib\u0117 Gen\u0117 \u0160akovien\u0117-Kacait\u0117\"}]},{\"@type\":\"WebSite\",\"@id\":\"https:\/\/manoteises.lt\/atminimo-akmenys\/#website\",\"url\":\"https:\/\/manoteises.lt\/atminimo-akmenys\/\",\"name\":\"Atminimo akmenys\",\"description\":\"\",\"potentialAction\":[{\"@type\":\"SearchAction\",\"target\":{\"@type\":\"EntryPoint\",\"urlTemplate\":\"https:\/\/manoteises.lt\/atminimo-akmenys\/?s={search_term_string}\"},\"query-input\":{\"@type\":\"PropertyValueSpecification\",\"valueRequired\":true,\"valueName\":\"search_term_string\"}}],\"inLanguage\":\"en-US\"}]}<\/script>\n<!-- \/ Yoast SEO plugin. -->","yoast_head_json":{"title":"Bencionas Benas \u0160akovas, Lib\u0117 Gen\u0117 \u0160akovien\u0117-Kacait\u0117 &#8211; Atminimo akmenys","robots":{"index":"index","follow":"follow","max-snippet":"max-snippet:-1","max-image-preview":"max-image-preview:large","max-video-preview":"max-video-preview:-1"},"canonical":"https:\/\/manoteises.lt\/atminimo-akmenys\/prienai\/bencionas-benas-sakovas-libe-gene-sakoviene-kacaite\/","twitter_misc":{"Est. reading time":"1 minute"},"schema":{"@context":"https:\/\/schema.org","@graph":[{"@type":"WebPage","@id":"https:\/\/manoteises.lt\/atminimo-akmenys\/prienai\/bencionas-benas-sakovas-libe-gene-sakoviene-kacaite\/","url":"https:\/\/manoteises.lt\/atminimo-akmenys\/prienai\/bencionas-benas-sakovas-libe-gene-sakoviene-kacaite\/","name":"Bencionas Benas \u0160akovas, Lib\u0117 Gen\u0117 \u0160akovien\u0117-Kacait\u0117 &#8211; Atminimo akmenys","isPartOf":{"@id":"https:\/\/manoteises.lt\/atminimo-akmenys\/#website"},"datePublished":"2022-09-21T15:30:20+00:00","dateModified":"2022-09-22T14:41:41+00:00","breadcrumb":{"@id":"https:\/\/manoteises.lt\/atminimo-akmenys\/prienai\/bencionas-benas-sakovas-libe-gene-sakoviene-kacaite\/#breadcrumb"},"inLanguage":"en-US","potentialAction":[{"@type":"ReadAction","target":["https:\/\/manoteises.lt\/atminimo-akmenys\/prienai\/bencionas-benas-sakovas-libe-gene-sakoviene-kacaite\/"]}]},{"@type":"BreadcrumbList","@id":"https:\/\/manoteises.lt\/atminimo-akmenys\/prienai\/bencionas-benas-sakovas-libe-gene-sakoviene-kacaite\/#breadcrumb","itemListElement":[{"@type":"ListItem","position":1,"name":"Home","item":"https:\/\/manoteises.lt\/atminimo-akmenys\/"},{"@type":"ListItem","position":2,"name":"Prienai","item":"https:\/\/manoteises.lt\/atminimo-akmenys\/prienai\/"},{"@type":"ListItem","position":3,"name":"Bencionas Benas \u0160akovas, Lib\u0117 Gen\u0117 \u0160akovien\u0117-Kacait\u0117"}]},{"@type":"WebSite","@id":"https:\/\/manoteises.lt\/atminimo-akmenys\/#website","url":"https:\/\/manoteises.lt\/atminimo-akmenys\/","name":"Atminimo akmenys","description":"","potentialAction":[{"@type":"SearchAction","target":{"@type":"EntryPoint","urlTemplate":"https:\/\/manoteises.lt\/atminimo-akmenys\/?s={search_term_string}"},"query-input":{"@type":"PropertyValueSpecification","valueRequired":true,"valueName":"search_term_string"}}],"inLanguage":"en-US"}]}},"_links":{"self":[{"href":"https:\/\/manoteises.lt\/atminimo-akmenys\/wp-json\/wp\/v2\/pages\/23973","targetHints":{"allow":["GET"]}}],"collection":[{"href":"https:\/\/manoteises.lt\/atminimo-akmenys\/wp-json\/wp\/v2\/pages"}],"about":[{"href":"https:\/\/manoteises.lt\/atminimo-akmenys\/wp-json\/wp\/v2\/types\/page"}],"author":[{"embeddable":true,"href":"https:\/\/manoteises.lt\/atminimo-akmenys\/wp-json\/wp\/v2\/users\/15"}],"replies":[{"embeddable":true,"href":"https:\/\/manoteises.lt\/atminimo-akmenys\/wp-json\/wp\/v2\/comments?post=23973"}],"version-history":[{"count":2,"href":"https:\/\/manoteises.lt\/atminimo-akmenys\/wp-json\/wp\/v2\/pages\/23973\/revisions"}],"predecessor-version":[{"id":23990,"href":"https:\/\/manoteises.lt\/atminimo-akmenys\/wp-json\/wp\/v2\/pages\/23973\/revisions\/23990"}],"up":[{"embeddable":true,"href":"https:\/\/manoteises.lt\/atminimo-akmenys\/wp-json\/wp\/v2\/pages\/23967"}],"wp:attachment":[{"href":"https:\/\/manoteises.lt\/atminimo-akmenys\/wp-json\/wp\/v2\/media?parent=23973"}],"curies":[{"name":"wp","href":"https:\/\/api.w.org\/{rel}","templated":true}]}}