{"id":24037,"date":"2023-03-30T18:36:15","date_gmt":"2023-03-30T15:36:15","guid":{"rendered":"https:\/\/manoteises.lt\/atminimo-akmenys\/?page_id=24037"},"modified":"2023-03-30T18:39:07","modified_gmt":"2023-03-30T15:39:07","slug":"mose-rachele-miriam-libe-minda-naftalis-maksas-zivai","status":"publish","type":"page","link":"https:\/\/manoteises.lt\/atminimo-akmenys\/english\/sveksna\/mose-rachele-miriam-libe-minda-naftalis-maksas-zivai\/","title":{"rendered":"Mo\u0161\u0117, Rachel\u0117, Miriam, Lib\u0117, Minda, Naftalis, Maksas Zivai"},"content":{"rendered":"<p>Stumbling stones for the Zivai family are installed in Liep\u0173 sq. 23, \u0160v\u0117k\u0161na.<\/p>\n<p>Mo\u0161\u0117 Zivas and his family, who have lived in the city centre of \u0160v\u0117k\u0161na and have had a textile shop, were painfully affected by the Holocaust.<\/p>\n<p>Mo\u0161\u0117 Zivas was born in 1872 in \u0160iaudvie\u010diai village and married Rachel\u0117 Pe\u0161\u0117 Kromait\u0117 Zivien\u0117, who was born in 1883. They have had five children &#8211; Miriam Zivait\u0117, Minda Zivait\u0117, Lib\u0117 Zivait\u0117, Naftalis Zivas, and Maksas Zivas. Minda Zivait\u0117 was birn in 1918, Miriam and Lib\u0117 &#8211; in 1915, Naftalis Zivas &#8211; in 1924.<\/p>\n<p>On 28 June 1941, Naftalis and Mo\u0161\u0117 Zivai were taken to a labour camp, Mei\u0161laukiai village. After a few months, Mo\u0161\u0117 Zivas was taken to \u0160iaudvie\u010diai village and killed there. On 20 September, Rachel\u0117 Zivien\u0117 and Minda Zivait\u0117 were massacred in the forest near Inkaliai. During the war, Miriam Zivait\u0117 lived in Vilnius and worked as a teacher. However, she got into the Vilnius ghetto and, during the liquidation of the ghetto, was killed in the Paneriai.<\/p>\n<p>Only Naftalis Zivas and Lib\u0117 Zivaite have survived.<\/p>\n<p>In 1945, the American army freed prisoners who had stayed alive from the Muhldorf camp; one of them was Naftalis Zivas. In Germany, Naftalis acquired the laboratory assistant specialty and, in 1950, moved to Australia.<\/p>\n<p>After the war, Lib\u0117 Zivait\u0117 lived in Vilnius, and when the opportunity arose, she moved to Israel, where she created a family and lived for the rest of her life.<\/p>\n<p>The installation of memorial stones for the Ziva family was initiated by the\u00a0 Hugo Scheu museum in \u0160ilut\u0117.<\/p>\n","protected":false},"excerpt":{"rendered":"<p>Stumbling stones for the Zivai family are installed in Liep\u0173 sq. 23, \u0160v\u0117k\u0161na. Mo\u0161\u0117 Zivas and his family, who have lived in the city centre of \u0160v\u0117k\u0161na and have had a textile shop, were painfully affected by the Holocaust. Mo\u0161\u0117 Zivas was born in 1872 in \u0160iaudvie\u010diai village and married Rachel\u0117 Pe\u0161\u0117 Kromait\u0117 Zivien\u0117, who<\/p>\n","protected":false},"author":15,"featured_media":0,"parent":23957,"menu_order":0,"comment_status":"closed","ping_status":"closed","template":"page-akmenys-vidinis.php","meta":{"_acf_changed":false,"footnotes":""},"class_list":["post-24037","page","type-page","status-publish","hentry"],"acf":[],"yoast_head":"<!-- This site is optimized with the Yoast SEO plugin v26.9 - https:\/\/yoast.com\/product\/yoast-seo-wordpress\/ -->\n<title>Mo\u0161\u0117, Rachel\u0117, Miriam, Lib\u0117, Minda, Naftalis, Maksas Zivai &#8211; Atminimo akmenys<\/title>\n<meta name=\"robots\" content=\"index, follow, max-snippet:-1, max-image-preview:large, max-video-preview:-1\" \/>\n<link rel=\"canonical\" href=\"https:\/\/manoteises.lt\/atminimo-akmenys\/english\/sveksna\/mose-rachele-miriam-libe-minda-naftalis-maksas-zivai\/\" \/>\n<meta name=\"twitter:label1\" content=\"Est. reading time\" \/>\n\t<meta name=\"twitter:data1\" content=\"2 minutes\" \/>\n<script type=\"application\/ld+json\" class=\"yoast-schema-graph\">{\"@context\":\"https:\/\/schema.org\",\"@graph\":[{\"@type\":\"WebPage\",\"@id\":\"https:\/\/manoteises.lt\/atminimo-akmenys\/english\/sveksna\/mose-rachele-miriam-libe-minda-naftalis-maksas-zivai\/\",\"url\":\"https:\/\/manoteises.lt\/atminimo-akmenys\/english\/sveksna\/mose-rachele-miriam-libe-minda-naftalis-maksas-zivai\/\",\"name\":\"Mo\u0161\u0117, Rachel\u0117, Miriam, Lib\u0117, Minda, Naftalis, Maksas Zivai &#8211; Atminimo akmenys\",\"isPartOf\":{\"@id\":\"https:\/\/manoteises.lt\/atminimo-akmenys\/#website\"},\"datePublished\":\"2023-03-30T15:36:15+00:00\",\"dateModified\":\"2023-03-30T15:39:07+00:00\",\"breadcrumb\":{\"@id\":\"https:\/\/manoteises.lt\/atminimo-akmenys\/english\/sveksna\/mose-rachele-miriam-libe-minda-naftalis-maksas-zivai\/#breadcrumb\"},\"inLanguage\":\"en-US\",\"potentialAction\":[{\"@type\":\"ReadAction\",\"target\":[\"https:\/\/manoteises.lt\/atminimo-akmenys\/english\/sveksna\/mose-rachele-miriam-libe-minda-naftalis-maksas-zivai\/\"]}]},{\"@type\":\"BreadcrumbList\",\"@id\":\"https:\/\/manoteises.lt\/atminimo-akmenys\/english\/sveksna\/mose-rachele-miriam-libe-minda-naftalis-maksas-zivai\/#breadcrumb\",\"itemListElement\":[{\"@type\":\"ListItem\",\"position\":1,\"name\":\"Home\",\"item\":\"https:\/\/manoteises.lt\/atminimo-akmenys\/\"},{\"@type\":\"ListItem\",\"position\":2,\"name\":\"Stumbling Stones\",\"item\":\"https:\/\/manoteises.lt\/atminimo-akmenys\/english\/\"},{\"@type\":\"ListItem\",\"position\":3,\"name\":\"\u0160v\u0117k\u0161na (\u0160ilut\u0117 Dist.)\",\"item\":\"https:\/\/manoteises.lt\/atminimo-akmenys\/english\/sveksna\/\"},{\"@type\":\"ListItem\",\"position\":4,\"name\":\"Mo\u0161\u0117, Rachel\u0117, Miriam, Lib\u0117, Minda, Naftalis, Maksas Zivai\"}]},{\"@type\":\"WebSite\",\"@id\":\"https:\/\/manoteises.lt\/atminimo-akmenys\/#website\",\"url\":\"https:\/\/manoteises.lt\/atminimo-akmenys\/\",\"name\":\"Atminimo akmenys\",\"description\":\"\",\"potentialAction\":[{\"@type\":\"SearchAction\",\"target\":{\"@type\":\"EntryPoint\",\"urlTemplate\":\"https:\/\/manoteises.lt\/atminimo-akmenys\/?s={search_term_string}\"},\"query-input\":{\"@type\":\"PropertyValueSpecification\",\"valueRequired\":true,\"valueName\":\"search_term_string\"}}],\"inLanguage\":\"en-US\"}]}<\/script>\n<!-- \/ Yoast SEO plugin. -->","yoast_head_json":{"title":"Mo\u0161\u0117, Rachel\u0117, Miriam, Lib\u0117, Minda, Naftalis, Maksas Zivai &#8211; Atminimo akmenys","robots":{"index":"index","follow":"follow","max-snippet":"max-snippet:-1","max-image-preview":"max-image-preview:large","max-video-preview":"max-video-preview:-1"},"canonical":"https:\/\/manoteises.lt\/atminimo-akmenys\/english\/sveksna\/mose-rachele-miriam-libe-minda-naftalis-maksas-zivai\/","twitter_misc":{"Est. reading time":"2 minutes"},"schema":{"@context":"https:\/\/schema.org","@graph":[{"@type":"WebPage","@id":"https:\/\/manoteises.lt\/atminimo-akmenys\/english\/sveksna\/mose-rachele-miriam-libe-minda-naftalis-maksas-zivai\/","url":"https:\/\/manoteises.lt\/atminimo-akmenys\/english\/sveksna\/mose-rachele-miriam-libe-minda-naftalis-maksas-zivai\/","name":"Mo\u0161\u0117, Rachel\u0117, Miriam, Lib\u0117, Minda, Naftalis, Maksas Zivai &#8211; Atminimo akmenys","isPartOf":{"@id":"https:\/\/manoteises.lt\/atminimo-akmenys\/#website"},"datePublished":"2023-03-30T15:36:15+00:00","dateModified":"2023-03-30T15:39:07+00:00","breadcrumb":{"@id":"https:\/\/manoteises.lt\/atminimo-akmenys\/english\/sveksna\/mose-rachele-miriam-libe-minda-naftalis-maksas-zivai\/#breadcrumb"},"inLanguage":"en-US","potentialAction":[{"@type":"ReadAction","target":["https:\/\/manoteises.lt\/atminimo-akmenys\/english\/sveksna\/mose-rachele-miriam-libe-minda-naftalis-maksas-zivai\/"]}]},{"@type":"BreadcrumbList","@id":"https:\/\/manoteises.lt\/atminimo-akmenys\/english\/sveksna\/mose-rachele-miriam-libe-minda-naftalis-maksas-zivai\/#breadcrumb","itemListElement":[{"@type":"ListItem","position":1,"name":"Home","item":"https:\/\/manoteises.lt\/atminimo-akmenys\/"},{"@type":"ListItem","position":2,"name":"Stumbling Stones","item":"https:\/\/manoteises.lt\/atminimo-akmenys\/english\/"},{"@type":"ListItem","position":3,"name":"\u0160v\u0117k\u0161na (\u0160ilut\u0117 Dist.)","item":"https:\/\/manoteises.lt\/atminimo-akmenys\/english\/sveksna\/"},{"@type":"ListItem","position":4,"name":"Mo\u0161\u0117, Rachel\u0117, Miriam, Lib\u0117, Minda, Naftalis, Maksas Zivai"}]},{"@type":"WebSite","@id":"https:\/\/manoteises.lt\/atminimo-akmenys\/#website","url":"https:\/\/manoteises.lt\/atminimo-akmenys\/","name":"Atminimo akmenys","description":"","potentialAction":[{"@type":"SearchAction","target":{"@type":"EntryPoint","urlTemplate":"https:\/\/manoteises.lt\/atminimo-akmenys\/?s={search_term_string}"},"query-input":{"@type":"PropertyValueSpecification","valueRequired":true,"valueName":"search_term_string"}}],"inLanguage":"en-US"}]}},"_links":{"self":[{"href":"https:\/\/manoteises.lt\/atminimo-akmenys\/wp-json\/wp\/v2\/pages\/24037","targetHints":{"allow":["GET"]}}],"collection":[{"href":"https:\/\/manoteises.lt\/atminimo-akmenys\/wp-json\/wp\/v2\/pages"}],"about":[{"href":"https:\/\/manoteises.lt\/atminimo-akmenys\/wp-json\/wp\/v2\/types\/page"}],"author":[{"embeddable":true,"href":"https:\/\/manoteises.lt\/atminimo-akmenys\/wp-json\/wp\/v2\/users\/15"}],"replies":[{"embeddable":true,"href":"https:\/\/manoteises.lt\/atminimo-akmenys\/wp-json\/wp\/v2\/comments?post=24037"}],"version-history":[{"count":2,"href":"https:\/\/manoteises.lt\/atminimo-akmenys\/wp-json\/wp\/v2\/pages\/24037\/revisions"}],"predecessor-version":[{"id":24040,"href":"https:\/\/manoteises.lt\/atminimo-akmenys\/wp-json\/wp\/v2\/pages\/24037\/revisions\/24040"}],"up":[{"embeddable":true,"href":"https:\/\/manoteises.lt\/atminimo-akmenys\/wp-json\/wp\/v2\/pages\/23957"}],"wp:attachment":[{"href":"https:\/\/manoteises.lt\/atminimo-akmenys\/wp-json\/wp\/v2\/media?parent=24037"}],"curies":[{"name":"wp","href":"https:\/\/api.w.org\/{rel}","templated":true}]}}