{"id":24044,"date":"2023-03-30T19:01:15","date_gmt":"2023-03-30T16:01:15","guid":{"rendered":"https:\/\/manoteises.lt\/atminimo-akmenys\/?page_id=24044"},"modified":"2023-03-30T19:10:36","modified_gmt":"2023-03-30T16:10:36","slug":"moisiejus-estera-zayevas-ranana-kleinsteinai","status":"publish","type":"page","link":"https:\/\/manoteises.lt\/atminimo-akmenys\/vilkaviskis\/moisiejus-estera-zayevas-ranana-kleinsteinai\/","title":{"rendered":"Moisiejus, Estera, Zayevas, Ranana Klein\u0161teinai"},"content":{"rendered":"<p>Atminimo akmenys Klein\u0161tein\u0173 \u0161eimai \u012frengti Maironio g. 21, Vilkavi\u0161kyje.<\/p>\n<p>Moisiejus Klein\u0161teinas buvo aktyvus Vilkavi\u0161kio bendruomen\u0117s narys, kurio \u0161eim\u0105 ir j\u012f pat\u012f skaud\u017eiai paliet\u0117 Holokaustas.<\/p>\n<p>Moisiejus Klein\u0161teinas gim\u0117 1901 m. \u017dinoma, kad b\u016bdamas kiek daugiau nei dvide\u0161imties met\u0173, jis jau buvo a\u0161tuonmet\u0117s \u017eydi\u0161kos mokyklos direktorius. 1923 m. M. Klein\u0161teinas susituok\u0117 su pora met\u0173 jaunesne Estera Solomina-Klein\u0161teiniene. Tais pa\u010diais metais jis buvo i\u0161rinktas \u012f miesto taryb\u0105, kurios veikloje dalyvavo iki pat 1939 met\u0173. \u0160eima susilauk\u0117 dviej\u0173 vaik\u0173: 1924 m. gim\u0117 Zayevas, po a\u0161tuoneri\u0173 met\u0173, 1932 m. Ranana.<\/p>\n<p>Holokausto nei\u0161gyveno nei t\u0117vas, nei s\u016bnus: abu nu\u017eydyti 1941 m. liepos 28 d. Vilkavi\u0161kio gete. Estera ir Ranana buvo \u012fkalintos Pilvi\u0161ki\u0173 gete, i\u0161 kurio pab\u0117go ir iki 1944 m. slapst\u0117si \u0160aki\u0173 apylink\u0117se.<\/p>\n<p>Estera Klein\u0161teinien\u0117 mir\u0117 1964 m. ir buvo palaidota Suderv\u0117s \u017eyd\u0173 kapin\u0117se.<\/p>\n<p>Ranana Klein\u0161teinait\u0117 \u2013 Malchanova po karo studijavo rus\u0173 kalb\u0105 ir literat\u016br\u0105 Vilniaus universitete, baigusi studijas vert\u0117 tekstus keliose \u017einiasklaidos priemon\u0117se. Ranana mir\u0117 2014 ir, kaip ir mama, buvo palaidota Suderv\u0117s \u017eyd\u0173 kapin\u0117se.<\/p>\n<p>Atminimo akmenys Klein\u0161tein\u0173 \u0161eimai \u012frengti Vilkavi\u0161kio vaik\u0173 ir jaunimo centro direktor\u0117s Elenos Savickien\u0117s iniciatyva.<\/p>\n","protected":false},"excerpt":{"rendered":"<p>Atminimo akmenys Klein\u0161tein\u0173 \u0161eimai \u012frengti Maironio g. 21, Vilkavi\u0161kyje. Moisiejus Klein\u0161teinas buvo aktyvus Vilkavi\u0161kio bendruomen\u0117s narys, kurio \u0161eim\u0105 ir j\u012f pat\u012f skaud\u017eiai paliet\u0117 Holokaustas. Moisiejus Klein\u0161teinas gim\u0117 1901 m. \u017dinoma, kad b\u016bdamas kiek daugiau nei dvide\u0161imties met\u0173, jis jau buvo a\u0161tuonmet\u0117s \u017eydi\u0161kos mokyklos direktorius. 1923 m. M. Klein\u0161teinas susituok\u0117 su pora met\u0173 jaunesne Estera Solomina-Klein\u0161teiniene.<\/p>\n","protected":false},"author":15,"featured_media":0,"parent":23464,"menu_order":0,"comment_status":"closed","ping_status":"closed","template":"page-akmenys-vidinis.php","meta":{"_acf_changed":false,"footnotes":""},"class_list":["post-24044","page","type-page","status-publish","hentry"],"acf":[],"yoast_head":"<!-- This site is optimized with the Yoast SEO plugin v26.9 - https:\/\/yoast.com\/product\/yoast-seo-wordpress\/ -->\n<title>Moisiejus, Estera, Zayevas, Ranana Klein\u0161teinai &#8211; Atminimo akmenys<\/title>\n<meta name=\"robots\" content=\"index, follow, max-snippet:-1, max-image-preview:large, max-video-preview:-1\" \/>\n<link rel=\"canonical\" href=\"https:\/\/manoteises.lt\/atminimo-akmenys\/vilkaviskis\/moisiejus-estera-zayevas-ranana-kleinsteinai\/\" \/>\n<meta name=\"twitter:label1\" content=\"Est. reading time\" \/>\n\t<meta name=\"twitter:data1\" content=\"1 minute\" \/>\n<script type=\"application\/ld+json\" class=\"yoast-schema-graph\">{\"@context\":\"https:\/\/schema.org\",\"@graph\":[{\"@type\":\"WebPage\",\"@id\":\"https:\/\/manoteises.lt\/atminimo-akmenys\/vilkaviskis\/moisiejus-estera-zayevas-ranana-kleinsteinai\/\",\"url\":\"https:\/\/manoteises.lt\/atminimo-akmenys\/vilkaviskis\/moisiejus-estera-zayevas-ranana-kleinsteinai\/\",\"name\":\"Moisiejus, Estera, Zayevas, Ranana Klein\u0161teinai &#8211; Atminimo akmenys\",\"isPartOf\":{\"@id\":\"https:\/\/manoteises.lt\/atminimo-akmenys\/#website\"},\"datePublished\":\"2023-03-30T16:01:15+00:00\",\"dateModified\":\"2023-03-30T16:10:36+00:00\",\"breadcrumb\":{\"@id\":\"https:\/\/manoteises.lt\/atminimo-akmenys\/vilkaviskis\/moisiejus-estera-zayevas-ranana-kleinsteinai\/#breadcrumb\"},\"inLanguage\":\"en-US\",\"potentialAction\":[{\"@type\":\"ReadAction\",\"target\":[\"https:\/\/manoteises.lt\/atminimo-akmenys\/vilkaviskis\/moisiejus-estera-zayevas-ranana-kleinsteinai\/\"]}]},{\"@type\":\"BreadcrumbList\",\"@id\":\"https:\/\/manoteises.lt\/atminimo-akmenys\/vilkaviskis\/moisiejus-estera-zayevas-ranana-kleinsteinai\/#breadcrumb\",\"itemListElement\":[{\"@type\":\"ListItem\",\"position\":1,\"name\":\"Home\",\"item\":\"https:\/\/manoteises.lt\/atminimo-akmenys\/\"},{\"@type\":\"ListItem\",\"position\":2,\"name\":\"Vilkavi\u0161kis\",\"item\":\"https:\/\/manoteises.lt\/atminimo-akmenys\/vilkaviskis\/\"},{\"@type\":\"ListItem\",\"position\":3,\"name\":\"Moisiejus, Estera, Zayevas, Ranana Klein\u0161teinai\"}]},{\"@type\":\"WebSite\",\"@id\":\"https:\/\/manoteises.lt\/atminimo-akmenys\/#website\",\"url\":\"https:\/\/manoteises.lt\/atminimo-akmenys\/\",\"name\":\"Atminimo akmenys\",\"description\":\"\",\"potentialAction\":[{\"@type\":\"SearchAction\",\"target\":{\"@type\":\"EntryPoint\",\"urlTemplate\":\"https:\/\/manoteises.lt\/atminimo-akmenys\/?s={search_term_string}\"},\"query-input\":{\"@type\":\"PropertyValueSpecification\",\"valueRequired\":true,\"valueName\":\"search_term_string\"}}],\"inLanguage\":\"en-US\"}]}<\/script>\n<!-- \/ Yoast SEO plugin. -->","yoast_head_json":{"title":"Moisiejus, Estera, Zayevas, Ranana Klein\u0161teinai &#8211; Atminimo akmenys","robots":{"index":"index","follow":"follow","max-snippet":"max-snippet:-1","max-image-preview":"max-image-preview:large","max-video-preview":"max-video-preview:-1"},"canonical":"https:\/\/manoteises.lt\/atminimo-akmenys\/vilkaviskis\/moisiejus-estera-zayevas-ranana-kleinsteinai\/","twitter_misc":{"Est. reading time":"1 minute"},"schema":{"@context":"https:\/\/schema.org","@graph":[{"@type":"WebPage","@id":"https:\/\/manoteises.lt\/atminimo-akmenys\/vilkaviskis\/moisiejus-estera-zayevas-ranana-kleinsteinai\/","url":"https:\/\/manoteises.lt\/atminimo-akmenys\/vilkaviskis\/moisiejus-estera-zayevas-ranana-kleinsteinai\/","name":"Moisiejus, Estera, Zayevas, Ranana Klein\u0161teinai &#8211; Atminimo akmenys","isPartOf":{"@id":"https:\/\/manoteises.lt\/atminimo-akmenys\/#website"},"datePublished":"2023-03-30T16:01:15+00:00","dateModified":"2023-03-30T16:10:36+00:00","breadcrumb":{"@id":"https:\/\/manoteises.lt\/atminimo-akmenys\/vilkaviskis\/moisiejus-estera-zayevas-ranana-kleinsteinai\/#breadcrumb"},"inLanguage":"en-US","potentialAction":[{"@type":"ReadAction","target":["https:\/\/manoteises.lt\/atminimo-akmenys\/vilkaviskis\/moisiejus-estera-zayevas-ranana-kleinsteinai\/"]}]},{"@type":"BreadcrumbList","@id":"https:\/\/manoteises.lt\/atminimo-akmenys\/vilkaviskis\/moisiejus-estera-zayevas-ranana-kleinsteinai\/#breadcrumb","itemListElement":[{"@type":"ListItem","position":1,"name":"Home","item":"https:\/\/manoteises.lt\/atminimo-akmenys\/"},{"@type":"ListItem","position":2,"name":"Vilkavi\u0161kis","item":"https:\/\/manoteises.lt\/atminimo-akmenys\/vilkaviskis\/"},{"@type":"ListItem","position":3,"name":"Moisiejus, Estera, Zayevas, Ranana Klein\u0161teinai"}]},{"@type":"WebSite","@id":"https:\/\/manoteises.lt\/atminimo-akmenys\/#website","url":"https:\/\/manoteises.lt\/atminimo-akmenys\/","name":"Atminimo akmenys","description":"","potentialAction":[{"@type":"SearchAction","target":{"@type":"EntryPoint","urlTemplate":"https:\/\/manoteises.lt\/atminimo-akmenys\/?s={search_term_string}"},"query-input":{"@type":"PropertyValueSpecification","valueRequired":true,"valueName":"search_term_string"}}],"inLanguage":"en-US"}]}},"_links":{"self":[{"href":"https:\/\/manoteises.lt\/atminimo-akmenys\/wp-json\/wp\/v2\/pages\/24044","targetHints":{"allow":["GET"]}}],"collection":[{"href":"https:\/\/manoteises.lt\/atminimo-akmenys\/wp-json\/wp\/v2\/pages"}],"about":[{"href":"https:\/\/manoteises.lt\/atminimo-akmenys\/wp-json\/wp\/v2\/types\/page"}],"author":[{"embeddable":true,"href":"https:\/\/manoteises.lt\/atminimo-akmenys\/wp-json\/wp\/v2\/users\/15"}],"replies":[{"embeddable":true,"href":"https:\/\/manoteises.lt\/atminimo-akmenys\/wp-json\/wp\/v2\/comments?post=24044"}],"version-history":[{"count":1,"href":"https:\/\/manoteises.lt\/atminimo-akmenys\/wp-json\/wp\/v2\/pages\/24044\/revisions"}],"predecessor-version":[{"id":24050,"href":"https:\/\/manoteises.lt\/atminimo-akmenys\/wp-json\/wp\/v2\/pages\/24044\/revisions\/24050"}],"up":[{"embeddable":true,"href":"https:\/\/manoteises.lt\/atminimo-akmenys\/wp-json\/wp\/v2\/pages\/23464"}],"wp:attachment":[{"href":"https:\/\/manoteises.lt\/atminimo-akmenys\/wp-json\/wp\/v2\/media?parent=24044"}],"curies":[{"name":"wp","href":"https:\/\/api.w.org\/{rel}","templated":true}]}}