{"id":24051,"date":"2023-03-30T19:12:40","date_gmt":"2023-03-30T16:12:40","guid":{"rendered":"https:\/\/manoteises.lt\/atminimo-akmenys\/?page_id=24051"},"modified":"2023-03-30T19:15:12","modified_gmt":"2023-03-30T16:15:12","slug":"moisiejus-estera-zayevas-ranana-kleinsteinai","status":"publish","type":"page","link":"https:\/\/manoteises.lt\/atminimo-akmenys\/english\/vilkaviskis\/moisiejus-estera-zayevas-ranana-kleinsteinai\/","title":{"rendered":"Moisiejus, Estera, Zayevas, Ranana Klein\u0161teinai"},"content":{"rendered":"<p>Stumbling stones for the Klein\u0161teinai family are installed on Maironis Street 21, Vilkavi\u0161kis.<\/p>\n<p>Moisiejus Klein\u0161teinas was an active member of the Vilkavi\u0161kis community, whose family and himself were affected by the Holocaust.<\/p>\n<p>Moisiejus Klein\u0161teinas was born in 1901. It is known that during his twenties, he was the principal of a Jewish eight-year school. In 1923, M. Klein\u0161teinas married a few years younger, Estera Solomina-Klein\u0161teinien\u0117. The same year, he was elected to the city council, where he participated until 1939. The family had two children: in 1924, Zayevas was born, and after eight years, in 1932, Ranana.<\/p>\n<p>Neither son nor father has not survived the Holocaust &#8211; both were killed on 28 July 1941 in the Vilkavi\u0161kis ghetto. Estera and Ranana were imprisoned in the Pilvi\u0161kiai ghetto, from which they ran away and hid until 1944 in the \u0160akiai district.<br \/>\nEstera Klein\u0161teinien\u0117 died in 1964 and is buried in Suderv\u0117 Jewish Cemetery.<br \/>\nAfter the war, Ranana Klein\u0161teinait\u0117-Malchova studied Russian language and literature at Vilnius University. After her studies, she translated texts for several media organisations. Ranana died in 2014 and was buried in Suderv\u0117 Jewish Cemetery, just like her mother.<\/p>\n<p>The Stumbling stones for the Klein\u0161teinai family are installed by the incentive of the Vilkavi\u0161kis children and youth centre&#8217; director Elena Savickien\u0117.<\/p>\n","protected":false},"excerpt":{"rendered":"<p>Stumbling stones for the Klein\u0161teinai family are installed on Maironis Street 21, Vilkavi\u0161kis. Moisiejus Klein\u0161teinas was an active member of the Vilkavi\u0161kis community, whose family and himself were affected by the Holocaust. Moisiejus Klein\u0161teinas was born in 1901. It is known that during his twenties, he was the principal of a Jewish eight-year school. In<\/p>\n","protected":false},"author":15,"featured_media":0,"parent":23583,"menu_order":0,"comment_status":"closed","ping_status":"closed","template":"page-akmenys-vidinis.php","meta":{"_acf_changed":false,"footnotes":""},"class_list":["post-24051","page","type-page","status-publish","hentry"],"acf":[],"yoast_head":"<!-- This site is optimized with the Yoast SEO plugin v26.9 - https:\/\/yoast.com\/product\/yoast-seo-wordpress\/ -->\n<title>Moisiejus, Estera, Zayevas, Ranana Klein\u0161teinai &#8211; Atminimo akmenys<\/title>\n<meta name=\"robots\" content=\"index, follow, max-snippet:-1, max-image-preview:large, max-video-preview:-1\" \/>\n<link rel=\"canonical\" href=\"https:\/\/manoteises.lt\/atminimo-akmenys\/english\/vilkaviskis\/moisiejus-estera-zayevas-ranana-kleinsteinai\/\" \/>\n<meta name=\"twitter:label1\" content=\"Est. reading time\" \/>\n\t<meta name=\"twitter:data1\" content=\"1 minute\" \/>\n<script type=\"application\/ld+json\" class=\"yoast-schema-graph\">{\"@context\":\"https:\/\/schema.org\",\"@graph\":[{\"@type\":\"WebPage\",\"@id\":\"https:\/\/manoteises.lt\/atminimo-akmenys\/english\/vilkaviskis\/moisiejus-estera-zayevas-ranana-kleinsteinai\/\",\"url\":\"https:\/\/manoteises.lt\/atminimo-akmenys\/english\/vilkaviskis\/moisiejus-estera-zayevas-ranana-kleinsteinai\/\",\"name\":\"Moisiejus, Estera, Zayevas, Ranana Klein\u0161teinai &#8211; Atminimo akmenys\",\"isPartOf\":{\"@id\":\"https:\/\/manoteises.lt\/atminimo-akmenys\/#website\"},\"datePublished\":\"2023-03-30T16:12:40+00:00\",\"dateModified\":\"2023-03-30T16:15:12+00:00\",\"breadcrumb\":{\"@id\":\"https:\/\/manoteises.lt\/atminimo-akmenys\/english\/vilkaviskis\/moisiejus-estera-zayevas-ranana-kleinsteinai\/#breadcrumb\"},\"inLanguage\":\"en-US\",\"potentialAction\":[{\"@type\":\"ReadAction\",\"target\":[\"https:\/\/manoteises.lt\/atminimo-akmenys\/english\/vilkaviskis\/moisiejus-estera-zayevas-ranana-kleinsteinai\/\"]}]},{\"@type\":\"BreadcrumbList\",\"@id\":\"https:\/\/manoteises.lt\/atminimo-akmenys\/english\/vilkaviskis\/moisiejus-estera-zayevas-ranana-kleinsteinai\/#breadcrumb\",\"itemListElement\":[{\"@type\":\"ListItem\",\"position\":1,\"name\":\"Home\",\"item\":\"https:\/\/manoteises.lt\/atminimo-akmenys\/\"},{\"@type\":\"ListItem\",\"position\":2,\"name\":\"Stumbling Stones\",\"item\":\"https:\/\/manoteises.lt\/atminimo-akmenys\/english\/\"},{\"@type\":\"ListItem\",\"position\":3,\"name\":\"Vilkavi\u0161kis\",\"item\":\"https:\/\/manoteises.lt\/atminimo-akmenys\/english\/vilkaviskis\/\"},{\"@type\":\"ListItem\",\"position\":4,\"name\":\"Moisiejus, Estera, Zayevas, Ranana Klein\u0161teinai\"}]},{\"@type\":\"WebSite\",\"@id\":\"https:\/\/manoteises.lt\/atminimo-akmenys\/#website\",\"url\":\"https:\/\/manoteises.lt\/atminimo-akmenys\/\",\"name\":\"Atminimo akmenys\",\"description\":\"\",\"potentialAction\":[{\"@type\":\"SearchAction\",\"target\":{\"@type\":\"EntryPoint\",\"urlTemplate\":\"https:\/\/manoteises.lt\/atminimo-akmenys\/?s={search_term_string}\"},\"query-input\":{\"@type\":\"PropertyValueSpecification\",\"valueRequired\":true,\"valueName\":\"search_term_string\"}}],\"inLanguage\":\"en-US\"}]}<\/script>\n<!-- \/ Yoast SEO plugin. -->","yoast_head_json":{"title":"Moisiejus, Estera, Zayevas, Ranana Klein\u0161teinai &#8211; Atminimo akmenys","robots":{"index":"index","follow":"follow","max-snippet":"max-snippet:-1","max-image-preview":"max-image-preview:large","max-video-preview":"max-video-preview:-1"},"canonical":"https:\/\/manoteises.lt\/atminimo-akmenys\/english\/vilkaviskis\/moisiejus-estera-zayevas-ranana-kleinsteinai\/","twitter_misc":{"Est. reading time":"1 minute"},"schema":{"@context":"https:\/\/schema.org","@graph":[{"@type":"WebPage","@id":"https:\/\/manoteises.lt\/atminimo-akmenys\/english\/vilkaviskis\/moisiejus-estera-zayevas-ranana-kleinsteinai\/","url":"https:\/\/manoteises.lt\/atminimo-akmenys\/english\/vilkaviskis\/moisiejus-estera-zayevas-ranana-kleinsteinai\/","name":"Moisiejus, Estera, Zayevas, Ranana Klein\u0161teinai &#8211; Atminimo akmenys","isPartOf":{"@id":"https:\/\/manoteises.lt\/atminimo-akmenys\/#website"},"datePublished":"2023-03-30T16:12:40+00:00","dateModified":"2023-03-30T16:15:12+00:00","breadcrumb":{"@id":"https:\/\/manoteises.lt\/atminimo-akmenys\/english\/vilkaviskis\/moisiejus-estera-zayevas-ranana-kleinsteinai\/#breadcrumb"},"inLanguage":"en-US","potentialAction":[{"@type":"ReadAction","target":["https:\/\/manoteises.lt\/atminimo-akmenys\/english\/vilkaviskis\/moisiejus-estera-zayevas-ranana-kleinsteinai\/"]}]},{"@type":"BreadcrumbList","@id":"https:\/\/manoteises.lt\/atminimo-akmenys\/english\/vilkaviskis\/moisiejus-estera-zayevas-ranana-kleinsteinai\/#breadcrumb","itemListElement":[{"@type":"ListItem","position":1,"name":"Home","item":"https:\/\/manoteises.lt\/atminimo-akmenys\/"},{"@type":"ListItem","position":2,"name":"Stumbling Stones","item":"https:\/\/manoteises.lt\/atminimo-akmenys\/english\/"},{"@type":"ListItem","position":3,"name":"Vilkavi\u0161kis","item":"https:\/\/manoteises.lt\/atminimo-akmenys\/english\/vilkaviskis\/"},{"@type":"ListItem","position":4,"name":"Moisiejus, Estera, Zayevas, Ranana Klein\u0161teinai"}]},{"@type":"WebSite","@id":"https:\/\/manoteises.lt\/atminimo-akmenys\/#website","url":"https:\/\/manoteises.lt\/atminimo-akmenys\/","name":"Atminimo akmenys","description":"","potentialAction":[{"@type":"SearchAction","target":{"@type":"EntryPoint","urlTemplate":"https:\/\/manoteises.lt\/atminimo-akmenys\/?s={search_term_string}"},"query-input":{"@type":"PropertyValueSpecification","valueRequired":true,"valueName":"search_term_string"}}],"inLanguage":"en-US"}]}},"_links":{"self":[{"href":"https:\/\/manoteises.lt\/atminimo-akmenys\/wp-json\/wp\/v2\/pages\/24051","targetHints":{"allow":["GET"]}}],"collection":[{"href":"https:\/\/manoteises.lt\/atminimo-akmenys\/wp-json\/wp\/v2\/pages"}],"about":[{"href":"https:\/\/manoteises.lt\/atminimo-akmenys\/wp-json\/wp\/v2\/types\/page"}],"author":[{"embeddable":true,"href":"https:\/\/manoteises.lt\/atminimo-akmenys\/wp-json\/wp\/v2\/users\/15"}],"replies":[{"embeddable":true,"href":"https:\/\/manoteises.lt\/atminimo-akmenys\/wp-json\/wp\/v2\/comments?post=24051"}],"version-history":[{"count":1,"href":"https:\/\/manoteises.lt\/atminimo-akmenys\/wp-json\/wp\/v2\/pages\/24051\/revisions"}],"predecessor-version":[{"id":24052,"href":"https:\/\/manoteises.lt\/atminimo-akmenys\/wp-json\/wp\/v2\/pages\/24051\/revisions\/24052"}],"up":[{"embeddable":true,"href":"https:\/\/manoteises.lt\/atminimo-akmenys\/wp-json\/wp\/v2\/pages\/23583"}],"wp:attachment":[{"href":"https:\/\/manoteises.lt\/atminimo-akmenys\/wp-json\/wp\/v2\/media?parent=24051"}],"curies":[{"name":"wp","href":"https:\/\/api.w.org\/{rel}","templated":true}]}}