{"id":24055,"date":"2023-03-30T19:21:58","date_gmt":"2023-03-30T16:21:58","guid":{"rendered":"https:\/\/manoteises.lt\/atminimo-akmenys\/?page_id=24055"},"modified":"2023-03-30T19:28:44","modified_gmt":"2023-03-30T16:28:44","slug":"prienai","status":"publish","type":"page","link":"https:\/\/manoteises.lt\/atminimo-akmenys\/english\/prienai\/","title":{"rendered":"Prienai"},"content":{"rendered":"<p>The Jewish community in Prienai started to develop in the 16th century; it is known that in the 18th century wooden synagogue was built.<\/p>\n<p>In 1897, 1190 Jews were living in Prienai; according to the census, that made up 48 percent of the residents. Engaged in crafts and trade, charity, actively participated in town&#8217;s political life and were elected to Prienai city&#8217;s council.<\/p>\n<p>In the middle of August 1941, Jews were brought to Prienai from neighboring towns &#8211; Balbieri\u0161kis, Bir\u0161tonas, Jieznas, Stakli\u0161k\u0117s, and Veiveriai.<\/p>\n<p>On 27th August 1941, all the Jews from Prienai and neighboring towns were shot down in pine forests near barracks. Altogether, 1078 people were killed.<\/p>\n<p>Rollkommando Hamann carried out the massacres &#8211; I Batallion 3rd company. The condemned were guarded and convoyed by local police and white-strippers (Lt. baltarai\u0161\u010diai).<\/p>\n<p>The Stumbling Stones in Prienai are installed for Bencionas Benas \u0160akovas and Lib\u0117 Gen\u0117 \u0160akovien\u0117-Kacait\u0117 (Vytauto St. 11). The installation was initiated by Joalita Jurkevi\u010dien\u0117, Janina Leonavi\u010dien\u0117-Paplauskait\u0117, and the Prienai District Municipality.<\/p>\n","protected":false},"excerpt":{"rendered":"<p>The Jewish community in Prienai started to develop in the 16th century; it is known that in the 18th century wooden synagogue was built. In 1897, 1190 Jews were living in Prienai; according to the census, that made up 48 percent of the residents. Engaged in crafts and trade, charity, actively participated in town&#8217;s political<\/p>\n","protected":false},"author":15,"featured_media":0,"parent":15152,"menu_order":10,"comment_status":"closed","ping_status":"closed","template":"page-akmenys-miestas.php","meta":{"_acf_changed":false,"footnotes":""},"class_list":["post-24055","page","type-page","status-publish","hentry"],"acf":[],"yoast_head":"<!-- This site is optimized with the Yoast SEO plugin v26.9 - https:\/\/yoast.com\/product\/yoast-seo-wordpress\/ -->\n<title>Prienai &#8211; Atminimo akmenys<\/title>\n<meta name=\"robots\" content=\"index, follow, max-snippet:-1, max-image-preview:large, max-video-preview:-1\" \/>\n<link rel=\"canonical\" href=\"https:\/\/manoteises.lt\/atminimo-akmenys\/english\/prienai\/\" \/>\n<meta name=\"twitter:label1\" content=\"Est. reading time\" \/>\n\t<meta name=\"twitter:data1\" content=\"1 minute\" \/>\n<script type=\"application\/ld+json\" class=\"yoast-schema-graph\">{\"@context\":\"https:\/\/schema.org\",\"@graph\":[{\"@type\":\"WebPage\",\"@id\":\"https:\/\/manoteises.lt\/atminimo-akmenys\/english\/prienai\/\",\"url\":\"https:\/\/manoteises.lt\/atminimo-akmenys\/english\/prienai\/\",\"name\":\"Prienai &#8211; Atminimo akmenys\",\"isPartOf\":{\"@id\":\"https:\/\/manoteises.lt\/atminimo-akmenys\/#website\"},\"datePublished\":\"2023-03-30T16:21:58+00:00\",\"dateModified\":\"2023-03-30T16:28:44+00:00\",\"breadcrumb\":{\"@id\":\"https:\/\/manoteises.lt\/atminimo-akmenys\/english\/prienai\/#breadcrumb\"},\"inLanguage\":\"en-US\",\"potentialAction\":[{\"@type\":\"ReadAction\",\"target\":[\"https:\/\/manoteises.lt\/atminimo-akmenys\/english\/prienai\/\"]}]},{\"@type\":\"BreadcrumbList\",\"@id\":\"https:\/\/manoteises.lt\/atminimo-akmenys\/english\/prienai\/#breadcrumb\",\"itemListElement\":[{\"@type\":\"ListItem\",\"position\":1,\"name\":\"Home\",\"item\":\"https:\/\/manoteises.lt\/atminimo-akmenys\/\"},{\"@type\":\"ListItem\",\"position\":2,\"name\":\"Stumbling Stones\",\"item\":\"https:\/\/manoteises.lt\/atminimo-akmenys\/english\/\"},{\"@type\":\"ListItem\",\"position\":3,\"name\":\"Prienai\"}]},{\"@type\":\"WebSite\",\"@id\":\"https:\/\/manoteises.lt\/atminimo-akmenys\/#website\",\"url\":\"https:\/\/manoteises.lt\/atminimo-akmenys\/\",\"name\":\"Atminimo akmenys\",\"description\":\"\",\"potentialAction\":[{\"@type\":\"SearchAction\",\"target\":{\"@type\":\"EntryPoint\",\"urlTemplate\":\"https:\/\/manoteises.lt\/atminimo-akmenys\/?s={search_term_string}\"},\"query-input\":{\"@type\":\"PropertyValueSpecification\",\"valueRequired\":true,\"valueName\":\"search_term_string\"}}],\"inLanguage\":\"en-US\"}]}<\/script>\n<!-- \/ Yoast SEO plugin. -->","yoast_head_json":{"title":"Prienai &#8211; Atminimo akmenys","robots":{"index":"index","follow":"follow","max-snippet":"max-snippet:-1","max-image-preview":"max-image-preview:large","max-video-preview":"max-video-preview:-1"},"canonical":"https:\/\/manoteises.lt\/atminimo-akmenys\/english\/prienai\/","twitter_misc":{"Est. reading time":"1 minute"},"schema":{"@context":"https:\/\/schema.org","@graph":[{"@type":"WebPage","@id":"https:\/\/manoteises.lt\/atminimo-akmenys\/english\/prienai\/","url":"https:\/\/manoteises.lt\/atminimo-akmenys\/english\/prienai\/","name":"Prienai &#8211; Atminimo akmenys","isPartOf":{"@id":"https:\/\/manoteises.lt\/atminimo-akmenys\/#website"},"datePublished":"2023-03-30T16:21:58+00:00","dateModified":"2023-03-30T16:28:44+00:00","breadcrumb":{"@id":"https:\/\/manoteises.lt\/atminimo-akmenys\/english\/prienai\/#breadcrumb"},"inLanguage":"en-US","potentialAction":[{"@type":"ReadAction","target":["https:\/\/manoteises.lt\/atminimo-akmenys\/english\/prienai\/"]}]},{"@type":"BreadcrumbList","@id":"https:\/\/manoteises.lt\/atminimo-akmenys\/english\/prienai\/#breadcrumb","itemListElement":[{"@type":"ListItem","position":1,"name":"Home","item":"https:\/\/manoteises.lt\/atminimo-akmenys\/"},{"@type":"ListItem","position":2,"name":"Stumbling Stones","item":"https:\/\/manoteises.lt\/atminimo-akmenys\/english\/"},{"@type":"ListItem","position":3,"name":"Prienai"}]},{"@type":"WebSite","@id":"https:\/\/manoteises.lt\/atminimo-akmenys\/#website","url":"https:\/\/manoteises.lt\/atminimo-akmenys\/","name":"Atminimo akmenys","description":"","potentialAction":[{"@type":"SearchAction","target":{"@type":"EntryPoint","urlTemplate":"https:\/\/manoteises.lt\/atminimo-akmenys\/?s={search_term_string}"},"query-input":{"@type":"PropertyValueSpecification","valueRequired":true,"valueName":"search_term_string"}}],"inLanguage":"en-US"}]}},"_links":{"self":[{"href":"https:\/\/manoteises.lt\/atminimo-akmenys\/wp-json\/wp\/v2\/pages\/24055","targetHints":{"allow":["GET"]}}],"collection":[{"href":"https:\/\/manoteises.lt\/atminimo-akmenys\/wp-json\/wp\/v2\/pages"}],"about":[{"href":"https:\/\/manoteises.lt\/atminimo-akmenys\/wp-json\/wp\/v2\/types\/page"}],"author":[{"embeddable":true,"href":"https:\/\/manoteises.lt\/atminimo-akmenys\/wp-json\/wp\/v2\/users\/15"}],"replies":[{"embeddable":true,"href":"https:\/\/manoteises.lt\/atminimo-akmenys\/wp-json\/wp\/v2\/comments?post=24055"}],"version-history":[{"count":2,"href":"https:\/\/manoteises.lt\/atminimo-akmenys\/wp-json\/wp\/v2\/pages\/24055\/revisions"}],"predecessor-version":[{"id":24061,"href":"https:\/\/manoteises.lt\/atminimo-akmenys\/wp-json\/wp\/v2\/pages\/24055\/revisions\/24061"}],"up":[{"embeddable":true,"href":"https:\/\/manoteises.lt\/atminimo-akmenys\/wp-json\/wp\/v2\/pages\/15152"}],"wp:attachment":[{"href":"https:\/\/manoteises.lt\/atminimo-akmenys\/wp-json\/wp\/v2\/media?parent=24055"}],"curies":[{"name":"wp","href":"https:\/\/api.w.org\/{rel}","templated":true}]}}