{"id":24057,"date":"2023-03-30T19:24:56","date_gmt":"2023-03-30T16:24:56","guid":{"rendered":"https:\/\/manoteises.lt\/atminimo-akmenys\/?page_id=24057"},"modified":"2023-03-30T19:24:56","modified_gmt":"2023-03-30T16:24:56","slug":"bencionas-benas-sakovas-libe-gene-sakoviene-kacaite","status":"publish","type":"page","link":"https:\/\/manoteises.lt\/atminimo-akmenys\/english\/prienai\/bencionas-benas-sakovas-libe-gene-sakoviene-kacaite\/","title":{"rendered":"Bencionas Benas \u0160akovas, Lib\u0117 Gen\u0117 \u0160akovien\u0117-Kacait\u0117"},"content":{"rendered":"<p>The Stumbling Stones for Bencionas Benas \u0160akovas and Lib\u0117 Gen\u0117 \u0160akovien\u0117-Kacait\u0117 are installed in Vytautas St. 11, Prienai (the territory of Prienai bus station).<\/p>\n<p>During the interwar period, a significant influence on Prienai&#8217;s economic and cultural life was made by Lazer Goldberg vodka&#8217;s factory, which Bencionas Benas \u0160akovas bought in 1920.<\/p>\n<p>Around 80 people worked in the brewery; hence B. B. \u0160akovas was the biggest employer in the city.<\/p>\n<p>The factory produced good quality, widely known beer. In 1930 at the agriculture and industry exhibition &#8220;Goldberg&#8221;, production was awarded a gold medal. The Prienai-based beer makers operated through Lithuanian Embassies in Washington, London, Berlin, Paris, Rome, and Moscow.<br \/>\nIn the remembrances of people, B. B. \u0160akovas was an upright and honest person who patronized Prienai riflemen&#8217;s house building; he also was awarded a 3rd Class Order of the Lithuanian Grand Duke Gediminas.<\/p>\n<p>The family had two children: daughter Miriam and son Isaac studied in Prienai &#8220;\u017diburio&#8221; Gymnasium. They were friendly and humble. The destiny of Isaac is unknown; Miriam has survived the Holocaust. She graduated from medical school in 1949 in Austria and later lived in the United States.<\/p>\n<p>B. \u0160akovas with his wife Lib\u0117 Gen\u0117 \u0160akovien\u0117-Kacait\u0117 were killed on September 1941 together with other Jews of Prienai.<\/p>\n<p>In 1944, during a German air raid, almost all the brewery building complex was bombed. Later, in the ex-brewery territory, the Prienai bus station was established.<\/p>\n<p>B.B. \u0160akovas and L.G. \u0160akovien\u0117-Kacait\u0117 remembrance is commemorated by the incentive of Joalita Jurkevi\u010dien\u0117, Jolita Sta\u010diokait\u0117, Janina Leonavi\u010dien\u0117-Paplauskait\u0117 and Prienai District Municipality.<\/p>\n","protected":false},"excerpt":{"rendered":"<p>The Stumbling Stones for Bencionas Benas \u0160akovas and Lib\u0117 Gen\u0117 \u0160akovien\u0117-Kacait\u0117 are installed in Vytautas St. 11, Prienai (the territory of Prienai bus station). During the interwar period, a significant influence on Prienai&#8217;s economic and cultural life was made by Lazer Goldberg vodka&#8217;s factory, which Bencionas Benas \u0160akovas bought in 1920. Around 80 people worked<\/p>\n","protected":false},"author":15,"featured_media":0,"parent":24055,"menu_order":0,"comment_status":"closed","ping_status":"closed","template":"page-akmenys-vidinis.php","meta":{"_acf_changed":false,"footnotes":""},"class_list":["post-24057","page","type-page","status-publish","hentry"],"acf":[],"yoast_head":"<!-- This site is optimized with the Yoast SEO plugin v26.9 - https:\/\/yoast.com\/product\/yoast-seo-wordpress\/ -->\n<title>Bencionas Benas \u0160akovas, Lib\u0117 Gen\u0117 \u0160akovien\u0117-Kacait\u0117 &#8211; Atminimo akmenys<\/title>\n<meta name=\"robots\" content=\"index, follow, max-snippet:-1, max-image-preview:large, max-video-preview:-1\" \/>\n<link rel=\"canonical\" href=\"https:\/\/manoteises.lt\/atminimo-akmenys\/english\/prienai\/bencionas-benas-sakovas-libe-gene-sakoviene-kacaite\/\" \/>\n<meta name=\"twitter:label1\" content=\"Est. reading time\" \/>\n\t<meta name=\"twitter:data1\" content=\"2 minutes\" \/>\n<script type=\"application\/ld+json\" class=\"yoast-schema-graph\">{\"@context\":\"https:\/\/schema.org\",\"@graph\":[{\"@type\":\"WebPage\",\"@id\":\"https:\/\/manoteises.lt\/atminimo-akmenys\/english\/prienai\/bencionas-benas-sakovas-libe-gene-sakoviene-kacaite\/\",\"url\":\"https:\/\/manoteises.lt\/atminimo-akmenys\/english\/prienai\/bencionas-benas-sakovas-libe-gene-sakoviene-kacaite\/\",\"name\":\"Bencionas Benas \u0160akovas, Lib\u0117 Gen\u0117 \u0160akovien\u0117-Kacait\u0117 &#8211; Atminimo akmenys\",\"isPartOf\":{\"@id\":\"https:\/\/manoteises.lt\/atminimo-akmenys\/#website\"},\"datePublished\":\"2023-03-30T16:24:56+00:00\",\"breadcrumb\":{\"@id\":\"https:\/\/manoteises.lt\/atminimo-akmenys\/english\/prienai\/bencionas-benas-sakovas-libe-gene-sakoviene-kacaite\/#breadcrumb\"},\"inLanguage\":\"en-US\",\"potentialAction\":[{\"@type\":\"ReadAction\",\"target\":[\"https:\/\/manoteises.lt\/atminimo-akmenys\/english\/prienai\/bencionas-benas-sakovas-libe-gene-sakoviene-kacaite\/\"]}]},{\"@type\":\"BreadcrumbList\",\"@id\":\"https:\/\/manoteises.lt\/atminimo-akmenys\/english\/prienai\/bencionas-benas-sakovas-libe-gene-sakoviene-kacaite\/#breadcrumb\",\"itemListElement\":[{\"@type\":\"ListItem\",\"position\":1,\"name\":\"Home\",\"item\":\"https:\/\/manoteises.lt\/atminimo-akmenys\/\"},{\"@type\":\"ListItem\",\"position\":2,\"name\":\"Stumbling Stones\",\"item\":\"https:\/\/manoteises.lt\/atminimo-akmenys\/english\/\"},{\"@type\":\"ListItem\",\"position\":3,\"name\":\"Prienai\",\"item\":\"https:\/\/manoteises.lt\/atminimo-akmenys\/english\/prienai\/\"},{\"@type\":\"ListItem\",\"position\":4,\"name\":\"Bencionas Benas \u0160akovas, Lib\u0117 Gen\u0117 \u0160akovien\u0117-Kacait\u0117\"}]},{\"@type\":\"WebSite\",\"@id\":\"https:\/\/manoteises.lt\/atminimo-akmenys\/#website\",\"url\":\"https:\/\/manoteises.lt\/atminimo-akmenys\/\",\"name\":\"Atminimo akmenys\",\"description\":\"\",\"potentialAction\":[{\"@type\":\"SearchAction\",\"target\":{\"@type\":\"EntryPoint\",\"urlTemplate\":\"https:\/\/manoteises.lt\/atminimo-akmenys\/?s={search_term_string}\"},\"query-input\":{\"@type\":\"PropertyValueSpecification\",\"valueRequired\":true,\"valueName\":\"search_term_string\"}}],\"inLanguage\":\"en-US\"}]}<\/script>\n<!-- \/ Yoast SEO plugin. -->","yoast_head_json":{"title":"Bencionas Benas \u0160akovas, Lib\u0117 Gen\u0117 \u0160akovien\u0117-Kacait\u0117 &#8211; Atminimo akmenys","robots":{"index":"index","follow":"follow","max-snippet":"max-snippet:-1","max-image-preview":"max-image-preview:large","max-video-preview":"max-video-preview:-1"},"canonical":"https:\/\/manoteises.lt\/atminimo-akmenys\/english\/prienai\/bencionas-benas-sakovas-libe-gene-sakoviene-kacaite\/","twitter_misc":{"Est. reading time":"2 minutes"},"schema":{"@context":"https:\/\/schema.org","@graph":[{"@type":"WebPage","@id":"https:\/\/manoteises.lt\/atminimo-akmenys\/english\/prienai\/bencionas-benas-sakovas-libe-gene-sakoviene-kacaite\/","url":"https:\/\/manoteises.lt\/atminimo-akmenys\/english\/prienai\/bencionas-benas-sakovas-libe-gene-sakoviene-kacaite\/","name":"Bencionas Benas \u0160akovas, Lib\u0117 Gen\u0117 \u0160akovien\u0117-Kacait\u0117 &#8211; Atminimo akmenys","isPartOf":{"@id":"https:\/\/manoteises.lt\/atminimo-akmenys\/#website"},"datePublished":"2023-03-30T16:24:56+00:00","breadcrumb":{"@id":"https:\/\/manoteises.lt\/atminimo-akmenys\/english\/prienai\/bencionas-benas-sakovas-libe-gene-sakoviene-kacaite\/#breadcrumb"},"inLanguage":"en-US","potentialAction":[{"@type":"ReadAction","target":["https:\/\/manoteises.lt\/atminimo-akmenys\/english\/prienai\/bencionas-benas-sakovas-libe-gene-sakoviene-kacaite\/"]}]},{"@type":"BreadcrumbList","@id":"https:\/\/manoteises.lt\/atminimo-akmenys\/english\/prienai\/bencionas-benas-sakovas-libe-gene-sakoviene-kacaite\/#breadcrumb","itemListElement":[{"@type":"ListItem","position":1,"name":"Home","item":"https:\/\/manoteises.lt\/atminimo-akmenys\/"},{"@type":"ListItem","position":2,"name":"Stumbling Stones","item":"https:\/\/manoteises.lt\/atminimo-akmenys\/english\/"},{"@type":"ListItem","position":3,"name":"Prienai","item":"https:\/\/manoteises.lt\/atminimo-akmenys\/english\/prienai\/"},{"@type":"ListItem","position":4,"name":"Bencionas Benas \u0160akovas, Lib\u0117 Gen\u0117 \u0160akovien\u0117-Kacait\u0117"}]},{"@type":"WebSite","@id":"https:\/\/manoteises.lt\/atminimo-akmenys\/#website","url":"https:\/\/manoteises.lt\/atminimo-akmenys\/","name":"Atminimo akmenys","description":"","potentialAction":[{"@type":"SearchAction","target":{"@type":"EntryPoint","urlTemplate":"https:\/\/manoteises.lt\/atminimo-akmenys\/?s={search_term_string}"},"query-input":{"@type":"PropertyValueSpecification","valueRequired":true,"valueName":"search_term_string"}}],"inLanguage":"en-US"}]}},"_links":{"self":[{"href":"https:\/\/manoteises.lt\/atminimo-akmenys\/wp-json\/wp\/v2\/pages\/24057","targetHints":{"allow":["GET"]}}],"collection":[{"href":"https:\/\/manoteises.lt\/atminimo-akmenys\/wp-json\/wp\/v2\/pages"}],"about":[{"href":"https:\/\/manoteises.lt\/atminimo-akmenys\/wp-json\/wp\/v2\/types\/page"}],"author":[{"embeddable":true,"href":"https:\/\/manoteises.lt\/atminimo-akmenys\/wp-json\/wp\/v2\/users\/15"}],"replies":[{"embeddable":true,"href":"https:\/\/manoteises.lt\/atminimo-akmenys\/wp-json\/wp\/v2\/comments?post=24057"}],"version-history":[{"count":1,"href":"https:\/\/manoteises.lt\/atminimo-akmenys\/wp-json\/wp\/v2\/pages\/24057\/revisions"}],"predecessor-version":[{"id":24058,"href":"https:\/\/manoteises.lt\/atminimo-akmenys\/wp-json\/wp\/v2\/pages\/24057\/revisions\/24058"}],"up":[{"embeddable":true,"href":"https:\/\/manoteises.lt\/atminimo-akmenys\/wp-json\/wp\/v2\/pages\/24055"}],"wp:attachment":[{"href":"https:\/\/manoteises.lt\/atminimo-akmenys\/wp-json\/wp\/v2\/media?parent=24057"}],"curies":[{"name":"wp","href":"https:\/\/api.w.org\/{rel}","templated":true}]}}