{"id":24062,"date":"2023-03-30T19:40:09","date_gmt":"2023-03-30T16:40:09","guid":{"rendered":"https:\/\/manoteises.lt\/atminimo-akmenys\/?page_id=24062"},"modified":"2023-03-30T20:02:33","modified_gmt":"2023-03-30T17:02:33","slug":"hinda-rabinowicz-zhupraner-aron-rabinowicz-dora-debora-bruk-rabinowicz-jozef-shulamit-ir-rakhel-bruk","status":"publish","type":"page","link":"https:\/\/manoteises.lt\/atminimo-akmenys\/vilnius\/hinda-rabinowicz-zhupraner-aron-rabinowicz-dora-debora-bruk-rabinowicz-jozef-shulamit-ir-rakhel-bruk\/","title":{"rendered":"Hinda Rabinowicz-Zhupraner, Aron Rabinowicz, Dora (Debora) Bruk-Rabinowicz, Jozef, Shulamit ir Rakhel Bruk"},"content":{"rendered":"<p>\u0160e\u0161i Atminimo akmenys Rabinowicz-Bruk \u0161eimai \u012frengti Vilniuje Gedimino pr. 37 ir Gedimino pr. 46<\/p>\n<p>Rabinowicz-Bruk \u2013 vilnie\u010di\u0173 \u0161eima, kurios likimui tragi\u0161k\u0105 \u012ftak\u0105 tur\u0117jo Holokaustas. Aron Rabinowicz gim\u0117 1877 metais. \u017dinoma, kad 1902 met\u0173 sausio 30-\u0105j\u0105 jis suk\u016br\u0117 \u0161eim\u0105 su 1882 metais gimusia Hinda Rabinowicz-Zhupraner. Tais pa\u010diais 1902 metais Aron ir Hinda susilauk\u0117 dukros Doros (Deboros) Rabinowicz. \\<\/p>\n<p>1926 met\u0173 vasario 23 d., b\u016bdama dviede\u0161imt ketvieri\u0173 met\u0173, Dora susituok\u0117 su dvide\u0161imt devyneri\u0173 metu Jozef Bruk. Po penkeri\u0173 met\u0173 gim\u0117 dvyn\u0117s dukros \u2013 Shulamit Bruk ir Rakhel Bruk.<\/p>\n<p>\u017dinoma, kad 1941 m. rugs\u0117jo m\u0117n., prie\u0161 praisdedant represijoms, Aron Rabinowicz ir Hinda Rabinowicz-Zhupraner gyveno Vilniuje (dabar Gedimino pr. 37). J\u0173 dukra Dora (Debora) Bruk-Rabinowicz su vyru Jozef Bruk ir dukromis netoliese (dabar Gedimino pr. 48).<\/p>\n<p>1941 m. rugs\u0117jo m\u0117n. visi \u0161eimos nariai buvo suimti, laikinai \u012fkalinti Luki\u0161ki\u0173 kal\u0117jime ir t\u0173 pa\u010di\u0173 met\u0173 rugs\u0117jo 11 d. nu\u017eudyti Paneri\u0173 mi\u0161ke.<\/p>\n<p>Atminimo akmen\u0173 \u012frengim\u0105 Bruk-Rabinowicz \u0161eimai inicijavo ir finansavo Rabinowicz \u0161eima.<\/p>\n","protected":false},"excerpt":{"rendered":"<p>\u0160e\u0161i Atminimo akmenys Rabinowicz-Bruk \u0161eimai \u012frengti Vilniuje Gedimino pr. 37 ir Gedimino pr. 46 Rabinowicz-Bruk \u2013 vilnie\u010di\u0173 \u0161eima, kurios likimui tragi\u0161k\u0105 \u012ftak\u0105 tur\u0117jo Holokaustas. Aron Rabinowicz gim\u0117 1877 metais. \u017dinoma, kad 1902 met\u0173 sausio 30-\u0105j\u0105 jis suk\u016br\u0117 \u0161eim\u0105 su 1882 metais gimusia Hinda Rabinowicz-Zhupraner. Tais pa\u010diais 1902 metais Aron ir Hinda susilauk\u0117 dukros Doros (Deboros)<\/p>\n","protected":false},"author":15,"featured_media":0,"parent":10958,"menu_order":0,"comment_status":"closed","ping_status":"closed","template":"page-akmenys-vidinis.php","meta":{"_acf_changed":false,"footnotes":""},"class_list":["post-24062","page","type-page","status-publish","hentry"],"acf":[],"yoast_head":"<!-- This site is optimized with the Yoast SEO plugin v26.9 - https:\/\/yoast.com\/product\/yoast-seo-wordpress\/ -->\n<title>Hinda Rabinowicz-Zhupraner, Aron Rabinowicz, Dora (Debora) Bruk-Rabinowicz, Jozef, Shulamit ir Rakhel Bruk &#8211; Atminimo akmenys<\/title>\n<meta name=\"robots\" content=\"index, follow, max-snippet:-1, max-image-preview:large, max-video-preview:-1\" \/>\n<link rel=\"canonical\" href=\"https:\/\/manoteises.lt\/atminimo-akmenys\/vilnius\/hinda-rabinowicz-zhupraner-aron-rabinowicz-dora-debora-bruk-rabinowicz-jozef-shulamit-ir-rakhel-bruk\/\" \/>\n<meta name=\"twitter:label1\" content=\"Est. reading time\" \/>\n\t<meta name=\"twitter:data1\" content=\"1 minute\" \/>\n<script type=\"application\/ld+json\" class=\"yoast-schema-graph\">{\"@context\":\"https:\/\/schema.org\",\"@graph\":[{\"@type\":\"WebPage\",\"@id\":\"https:\/\/manoteises.lt\/atminimo-akmenys\/vilnius\/hinda-rabinowicz-zhupraner-aron-rabinowicz-dora-debora-bruk-rabinowicz-jozef-shulamit-ir-rakhel-bruk\/\",\"url\":\"https:\/\/manoteises.lt\/atminimo-akmenys\/vilnius\/hinda-rabinowicz-zhupraner-aron-rabinowicz-dora-debora-bruk-rabinowicz-jozef-shulamit-ir-rakhel-bruk\/\",\"name\":\"Hinda Rabinowicz-Zhupraner, Aron Rabinowicz, Dora (Debora) Bruk-Rabinowicz, Jozef, Shulamit ir Rakhel Bruk &#8211; Atminimo akmenys\",\"isPartOf\":{\"@id\":\"https:\/\/manoteises.lt\/atminimo-akmenys\/#website\"},\"datePublished\":\"2023-03-30T16:40:09+00:00\",\"dateModified\":\"2023-03-30T17:02:33+00:00\",\"breadcrumb\":{\"@id\":\"https:\/\/manoteises.lt\/atminimo-akmenys\/vilnius\/hinda-rabinowicz-zhupraner-aron-rabinowicz-dora-debora-bruk-rabinowicz-jozef-shulamit-ir-rakhel-bruk\/#breadcrumb\"},\"inLanguage\":\"en-US\",\"potentialAction\":[{\"@type\":\"ReadAction\",\"target\":[\"https:\/\/manoteises.lt\/atminimo-akmenys\/vilnius\/hinda-rabinowicz-zhupraner-aron-rabinowicz-dora-debora-bruk-rabinowicz-jozef-shulamit-ir-rakhel-bruk\/\"]}]},{\"@type\":\"BreadcrumbList\",\"@id\":\"https:\/\/manoteises.lt\/atminimo-akmenys\/vilnius\/hinda-rabinowicz-zhupraner-aron-rabinowicz-dora-debora-bruk-rabinowicz-jozef-shulamit-ir-rakhel-bruk\/#breadcrumb\",\"itemListElement\":[{\"@type\":\"ListItem\",\"position\":1,\"name\":\"Home\",\"item\":\"https:\/\/manoteises.lt\/atminimo-akmenys\/\"},{\"@type\":\"ListItem\",\"position\":2,\"name\":\"Vilnius\",\"item\":\"https:\/\/manoteises.lt\/atminimo-akmenys\/vilnius\/\"},{\"@type\":\"ListItem\",\"position\":3,\"name\":\"Hinda Rabinowicz-Zhupraner, Aron Rabinowicz, Dora (Debora) Bruk-Rabinowicz, Jozef, Shulamit ir Rakhel Bruk\"}]},{\"@type\":\"WebSite\",\"@id\":\"https:\/\/manoteises.lt\/atminimo-akmenys\/#website\",\"url\":\"https:\/\/manoteises.lt\/atminimo-akmenys\/\",\"name\":\"Atminimo akmenys\",\"description\":\"\",\"potentialAction\":[{\"@type\":\"SearchAction\",\"target\":{\"@type\":\"EntryPoint\",\"urlTemplate\":\"https:\/\/manoteises.lt\/atminimo-akmenys\/?s={search_term_string}\"},\"query-input\":{\"@type\":\"PropertyValueSpecification\",\"valueRequired\":true,\"valueName\":\"search_term_string\"}}],\"inLanguage\":\"en-US\"}]}<\/script>\n<!-- \/ Yoast SEO plugin. -->","yoast_head_json":{"title":"Hinda Rabinowicz-Zhupraner, Aron Rabinowicz, Dora (Debora) Bruk-Rabinowicz, Jozef, Shulamit ir Rakhel Bruk &#8211; Atminimo akmenys","robots":{"index":"index","follow":"follow","max-snippet":"max-snippet:-1","max-image-preview":"max-image-preview:large","max-video-preview":"max-video-preview:-1"},"canonical":"https:\/\/manoteises.lt\/atminimo-akmenys\/vilnius\/hinda-rabinowicz-zhupraner-aron-rabinowicz-dora-debora-bruk-rabinowicz-jozef-shulamit-ir-rakhel-bruk\/","twitter_misc":{"Est. reading time":"1 minute"},"schema":{"@context":"https:\/\/schema.org","@graph":[{"@type":"WebPage","@id":"https:\/\/manoteises.lt\/atminimo-akmenys\/vilnius\/hinda-rabinowicz-zhupraner-aron-rabinowicz-dora-debora-bruk-rabinowicz-jozef-shulamit-ir-rakhel-bruk\/","url":"https:\/\/manoteises.lt\/atminimo-akmenys\/vilnius\/hinda-rabinowicz-zhupraner-aron-rabinowicz-dora-debora-bruk-rabinowicz-jozef-shulamit-ir-rakhel-bruk\/","name":"Hinda Rabinowicz-Zhupraner, Aron Rabinowicz, Dora (Debora) Bruk-Rabinowicz, Jozef, Shulamit ir Rakhel Bruk &#8211; Atminimo akmenys","isPartOf":{"@id":"https:\/\/manoteises.lt\/atminimo-akmenys\/#website"},"datePublished":"2023-03-30T16:40:09+00:00","dateModified":"2023-03-30T17:02:33+00:00","breadcrumb":{"@id":"https:\/\/manoteises.lt\/atminimo-akmenys\/vilnius\/hinda-rabinowicz-zhupraner-aron-rabinowicz-dora-debora-bruk-rabinowicz-jozef-shulamit-ir-rakhel-bruk\/#breadcrumb"},"inLanguage":"en-US","potentialAction":[{"@type":"ReadAction","target":["https:\/\/manoteises.lt\/atminimo-akmenys\/vilnius\/hinda-rabinowicz-zhupraner-aron-rabinowicz-dora-debora-bruk-rabinowicz-jozef-shulamit-ir-rakhel-bruk\/"]}]},{"@type":"BreadcrumbList","@id":"https:\/\/manoteises.lt\/atminimo-akmenys\/vilnius\/hinda-rabinowicz-zhupraner-aron-rabinowicz-dora-debora-bruk-rabinowicz-jozef-shulamit-ir-rakhel-bruk\/#breadcrumb","itemListElement":[{"@type":"ListItem","position":1,"name":"Home","item":"https:\/\/manoteises.lt\/atminimo-akmenys\/"},{"@type":"ListItem","position":2,"name":"Vilnius","item":"https:\/\/manoteises.lt\/atminimo-akmenys\/vilnius\/"},{"@type":"ListItem","position":3,"name":"Hinda Rabinowicz-Zhupraner, Aron Rabinowicz, Dora (Debora) Bruk-Rabinowicz, Jozef, Shulamit ir Rakhel Bruk"}]},{"@type":"WebSite","@id":"https:\/\/manoteises.lt\/atminimo-akmenys\/#website","url":"https:\/\/manoteises.lt\/atminimo-akmenys\/","name":"Atminimo akmenys","description":"","potentialAction":[{"@type":"SearchAction","target":{"@type":"EntryPoint","urlTemplate":"https:\/\/manoteises.lt\/atminimo-akmenys\/?s={search_term_string}"},"query-input":{"@type":"PropertyValueSpecification","valueRequired":true,"valueName":"search_term_string"}}],"inLanguage":"en-US"}]}},"_links":{"self":[{"href":"https:\/\/manoteises.lt\/atminimo-akmenys\/wp-json\/wp\/v2\/pages\/24062","targetHints":{"allow":["GET"]}}],"collection":[{"href":"https:\/\/manoteises.lt\/atminimo-akmenys\/wp-json\/wp\/v2\/pages"}],"about":[{"href":"https:\/\/manoteises.lt\/atminimo-akmenys\/wp-json\/wp\/v2\/types\/page"}],"author":[{"embeddable":true,"href":"https:\/\/manoteises.lt\/atminimo-akmenys\/wp-json\/wp\/v2\/users\/15"}],"replies":[{"embeddable":true,"href":"https:\/\/manoteises.lt\/atminimo-akmenys\/wp-json\/wp\/v2\/comments?post=24062"}],"version-history":[{"count":2,"href":"https:\/\/manoteises.lt\/atminimo-akmenys\/wp-json\/wp\/v2\/pages\/24062\/revisions"}],"predecessor-version":[{"id":24083,"href":"https:\/\/manoteises.lt\/atminimo-akmenys\/wp-json\/wp\/v2\/pages\/24062\/revisions\/24083"}],"up":[{"embeddable":true,"href":"https:\/\/manoteises.lt\/atminimo-akmenys\/wp-json\/wp\/v2\/pages\/10958"}],"wp:attachment":[{"href":"https:\/\/manoteises.lt\/atminimo-akmenys\/wp-json\/wp\/v2\/media?parent=24062"}],"curies":[{"name":"wp","href":"https:\/\/api.w.org\/{rel}","templated":true}]}}