{"id":287,"date":"2020-09-30T09:55:53","date_gmt":"2020-09-30T06:55:53","guid":{"rendered":"https:\/\/manoteises.lt\/pranesk\/privatumo-politika\/"},"modified":"2022-10-06T10:11:03","modified_gmt":"2022-10-06T07:11:03","slug":"polityka-prywatnosci","status":"publish","type":"page","link":"https:\/\/manoteises.lt\/pranesk\/pl\/polityka-prywatnosci\/","title":{"rendered":"Polityka prywatno\u015bci"},"content":{"rendered":"<p>Informuojame, kad Jums prane\u0161us apie neapykantos nusikaltim\u0105 elektronin\u0117je\u00a0prane\u0161imo \u201ePRANE\u0160K APIE NEAPYKANTOS NUSIKALTIMUS\u201c\u00a0platformoje, Lietuvos \u017emogaus teisi\u0173 centras renka ir, jums sutikus, tretiesiems asmenims perduoda \u0161ia informacij\u0105:<\/p>\n<ul>\n<li>J\u016bs\u0173 vard\u0105, pavard\u0119;<\/li>\n<li>Kontaktin\u0119 informacij\u0105;<\/li>\n<li>J\u016bs\u0173 pateikt\u0105 informacij\u0105 apie prane\u0161am\u0105 neapykantos nusikaltim\u0105.<\/li>\n<\/ul>\n<p><strong>Kokiu tikslu renkame informacij\u0105?<\/strong><\/p>\n<p>Priklausomai nuo j\u016bs\u0173 pa\u017eym\u0117to sutikimo, pildant neapykantos nusikaltimo prane\u0161imo form\u0105, informacij\u0105 renkame:<\/p>\n<ul>\n<li>informacijos kaupimo apie galimus neapykantos nusikaltimus tikslais. Remdamiesi \u0161ia informacija, rengsime apibendrint\u0105 analiz\u0119, kurioje platformoje gaut\u0105 informacij\u0105 lyginsime su oficiali\u0105ja statistika. Tai darydami, informacij\u0105 pateiksime apibendrintai, joje neatskleisime konkre\u010di\u0173 asmens duomen\u0173;<\/li>\n<li>siekiant perduoti informacij\u0105 j\u016bs\u0173 pasirinktoms organizacijoms, kad jums b\u016bt\u0173 suteikta teisin\u0117 pagalba ir\/ar organizacija gal\u0117t\u0173 su jumis susisiekti;<\/li>\n<li>siekiant perduoti j\u016bs\u0173 pildyt\u0105 informacij\u0105 policijai, jei pasirinkote tai padaryti.<\/li>\n<\/ul>\n<p>\u0160i informacija kaupiama neterminuotai. Daugiau informacijos apie Lietuvos \u017emogaus teisi\u0173 centro duomen\u0173 apsaugos politik\u0105 galite rasti <a href=\"https:\/\/manoteises.lt\/lztc\/lietuvos-zmogaus-teisiu-centro-duomenu-apsaugos-politika\/\" target=\"_blank\" rel=\"noopener noreferrer\">\u010cIA<\/a>.<\/p>\n","protected":false},"excerpt":{"rendered":"Informuojame, kad Jums prane\u0161us apie neapykantos nusikaltim\u0105 elektronin\u0117je\u00a0prane\u0161imo \u201ePRANE\u0160K APIE NEAPYKANTOS NUSIKALTIMUS\u201c\u00a0platformoje, Lietuvos \u017emogaus teisi\u0173 centras renka ir, jums sutikus, tretiesiems asmenims perduoda \u0161ia informacij\u0105:&#8230;","protected":false},"author":1,"featured_media":0,"parent":0,"menu_order":0,"comment_status":"closed","ping_status":"closed","template":"","meta":{"_acf_changed":false,"footnotes":""},"class_list":["post-287","page","type-page","status-publish","hentry"],"acf":[],"_links":{"self":[{"href":"https:\/\/manoteises.lt\/pranesk\/pl\/wp-json\/wp\/v2\/pages\/287","targetHints":{"allow":["GET"]}}],"collection":[{"href":"https:\/\/manoteises.lt\/pranesk\/pl\/wp-json\/wp\/v2\/pages"}],"about":[{"href":"https:\/\/manoteises.lt\/pranesk\/pl\/wp-json\/wp\/v2\/types\/page"}],"author":[{"embeddable":true,"href":"https:\/\/manoteises.lt\/pranesk\/pl\/wp-json\/wp\/v2\/users\/1"}],"replies":[{"embeddable":true,"href":"https:\/\/manoteises.lt\/pranesk\/pl\/wp-json\/wp\/v2\/comments?post=287"}],"version-history":[{"count":1,"href":"https:\/\/manoteises.lt\/pranesk\/pl\/wp-json\/wp\/v2\/pages\/287\/revisions"}],"predecessor-version":[{"id":289,"href":"https:\/\/manoteises.lt\/pranesk\/pl\/wp-json\/wp\/v2\/pages\/287\/revisions\/289"}],"wp:attachment":[{"href":"https:\/\/manoteises.lt\/pranesk\/pl\/wp-json\/wp\/v2\/media?parent=287"}],"curies":[{"name":"wp","href":"https:\/\/api.w.org\/{rel}","templated":true}]}}